{"id":6228,"date":"2024-04-25T14:18:38","date_gmt":"2024-04-25T14:18:38","guid":{"rendered":"https:\/\/diazyasociados.com\/?page_id=6228"},"modified":"2024-07-16T13:09:55","modified_gmt":"2024-07-16T13:09:55","slug":"solicitar-cotizacion","status":"publish","type":"page","link":"https:\/\/diazyasociados.com\/en\/solicitar-cotizacion\/","title":{"rendered":"Quote Form"},"content":{"rendered":"<div id=\"fws_69f3cb979983d\"  data-column-margin=\"default\" data-midnight=\"dark\" data-top-percent=\"3%\"  class=\"wpb_row vc_row-fluid vc_row full-width-section  right_padding_10pct left_padding_10pct\"  style=\"padding-top: calc(100vw * 0.03); padding-bottom: 0px; \"><div class=\"row-bg-wrap\" data-bg-animation=\"none\" data-bg-animation-delay=\"\" data-bg-overlay=\"false\"><div class=\"inner-wrap row-bg-layer\" ><div class=\"row-bg viewport-desktop\"  style=\"\"><\/div><\/div><\/div><div class=\"row_col_wrap_12 col span_12 dark left\">\n\t<div  class=\"vc_col-sm-12 wpb_column column_container vc_column_container col no-extra-padding inherit_tablet inherit_phone\"  data-padding-pos=\"all\" data-has-bg-color=\"false\" data-bg-color=\"\" data-bg-opacity=\"1\" data-animation=\"\" data-delay=\"0\" >\n\t\t<div class=\"vc_column-inner\" >\n\t\t\t<div class=\"wpb_wrapper\">\n\t\t\t\t<div id=\"fws_69f3cb979a55f\" data-midnight=\"\" data-column-margin=\"default\" class=\"wpb_row vc_row-fluid vc_row inner_row  right_padding_3pct left_padding_8pct\"  style=\"padding-bottom: 8%; \"><div class=\"row-bg-wrap\"> <div class=\"row-bg\" ><\/div> <\/div><div class=\"row_col_wrap_12_inner col span_12  left\">\n\t<div  class=\"vc_col-sm-12 wpb_column column_container vc_column_container col child_column centered-text no-extra-padding inherit_tablet inherit_phone\"   data-padding-pos=\"all\" data-has-bg-color=\"false\" data-bg-color=\"\" data-bg-opacity=\"1\" data-animation=\"\" data-delay=\"0\" >\n\t\t<div class=\"vc_column-inner\" >\n\t\t<div class=\"wpb_wrapper\">\n\t\t\t<div class=\"nectar-highlighted-text font_size_3vw font_size_tablet_6vw font_line_height_1-2\" data-style=\"none\" data-exp=\"default\" data-using-custom-color=\"false\" data-animation-delay=\"false\" data-color=\"\" data-color-gradient=\"\" style=\"\"><h1>Quote Form<\/h1>\n<\/div>\n<div class=\"wpb_text_column wpb_content_element\" >\n\t<div class=\"wpb_wrapper\">\n\t\t<p class=\"translation-block\">In order to provide you with a quote, we need to see the document to be translated in legible format. Please complete the quote form by uploading the document to be translated or sending it via WhatsApp to any of these numbers <br><a href=\"https:\/\/wa.me\/595982703319\" target=\"_self\">(+595 982) 703 319<\/a> - <a href=\"https:\/\/wa.me\/595981562540\" target=\"_self\">(+595 981) 562 540<\/a> or to the e-mail <a href=\"mailto:recepcion@diazyasociados.com\" target=\"_self\">recepcion@diazyasociados.com<\/a>, indicating the language you wish to translate into.<\/p>\n<p>After receiving the document, we will send you a quote as soon as possible.<\/p>\n\t<\/div>\n<\/div>\n\n\n\n\n\t\t<\/div> \n\t<\/div>\n\t<\/div> \n<\/div><\/div>\n\t\t\t<\/div> \n\t\t<\/div>\n\t<\/div> \n<\/div><\/div>\n\t\t<div id=\"fws_69f3cb979b472\"  data-column-margin=\"custom\" data-midnight=\"dark\" data-top-percent=\"3%\" data-bottom-percent=\"12%\"  class=\"wpb_row vc_row-fluid vc_row vc_row-o-equal-height vc_row-flex vc_row-o-content-top  right_padding_10vw left_padding_10vw column-margin-10vw\"  style=\"padding-top: calc(100vw * 0.03); padding-bottom: calc(100vw * 0.12); \"><div class=\"row-bg-wrap\" data-bg-animation=\"none\" data-bg-animation-delay=\"\" data-bg-overlay=\"false\"><div class=\"inner-wrap row-bg-layer\" ><div class=\"row-bg viewport-desktop using-bg-color\"  style=\"background-color: #f8f8f8; \"><\/div><\/div><\/div><div class=\"row_col_wrap_12 col span_12 dark left\">\n\t<div  class=\"vc_col-sm-12 wpb_column column_container vc_column_container col left_padding_desktop_2vw\"  data-padding-pos=\"all\" data-has-bg-color=\"false\" data-bg-color=\"\" data-bg-opacity=\"1\" data-animation=\"\" data-delay=\"0\" >\n\t\t<div class=\"vc_column-inner\" >\n\t\t\t<div class=\"wpb_wrapper\">\n\t\t\t\t\n<div class=\"wpcf7 no-js\" id=\"wpcf7-f6226-o1\" lang=\"es-ES\" dir=\"ltr\" data-wpcf7-id=\"6226\">\n<div class=\"screen-reader-response\"><p role=\"status\" aria-live=\"polite\" aria-atomic=\"true\"><\/p> <ul><\/ul><\/div>\n<form action=\"\/en\/wp-json\/wp\/v2\/pages\/6228#wpcf7-f6226-o1\" method=\"post\" class=\"wpcf7-form init\" aria-label=\"Formulario de contacto\" novalidate=\"novalidate\" data-status=\"init\" data-trp-original-action=\"\/en\/wp-json\/wp\/v2\/pages\/6228#wpcf7-f6226-o1\">\n<div style=\"display: none;\">\n<input type=\"hidden\" name=\"_wpcf7\" value=\"6226\" \/>\n<input type=\"hidden\" name=\"_wpcf7_version\" value=\"6.0.1\" \/>\n<input type=\"hidden\" name=\"_wpcf7_locale\" value=\"es_ES\" \/>\n<input type=\"hidden\" name=\"_wpcf7_unit_tag\" value=\"wpcf7-f6226-o1\" \/>\n<input type=\"hidden\" name=\"_wpcf7_container_post\" value=\"0\" \/>\n<input type=\"hidden\" name=\"_wpcf7_posted_data_hash\" value=\"\" \/>\n<input type=\"hidden\" name=\"_wpcf7_recaptcha_response\" value=\"\" \/>\n<\/div>\n<div class=\"formulario-contacto\">\n\t<div class=\"formulario-campo half\">\n\t\t<p><span class=\"wpcf7-form-control-wrap\" data-name=\"nombre-completo\"><input size=\"40\" maxlength=\"400\" class=\"wpcf7-form-control wpcf7-text wpcf7-validates-as-required\" aria-required=\"true\" aria-invalid=\"false\" placeholder=\"Name  (Mandatory)\" value=\"\" type=\"text\" name=\"nombre-completo\" \/><\/span>\n\t\t<\/p>\n\t<\/div>\n\t<div class=\"formulario-campo half\">\n\t\t<p><span class=\"wpcf7-form-control-wrap\" data-name=\"correo-electronico\"><input size=\"40\" maxlength=\"400\" class=\"wpcf7-form-control wpcf7-email wpcf7-validates-as-required wpcf7-text wpcf7-validates-as-email\" aria-required=\"true\" aria-invalid=\"false\" placeholder=\"Email (Mandatory)\" value=\"\" type=\"email\" name=\"correo-electronico\" \/><\/span>\n\t\t<\/p>\n\t<\/div>\n\t<div class=\"formulario-campo half\">\n\t\t<p><span class=\"wpcf7-form-control-wrap\" data-name=\"telefono\"><input size=\"40\" maxlength=\"400\" class=\"wpcf7-form-control wpcf7-tel wpcf7-text wpcf7-validates-as-tel\" aria-invalid=\"false\" placeholder=\"Phone\" value=\"\" type=\"tel\" name=\"telefono\" \/><\/span>\n\t\t<\/p>\n\t<\/div>\n\t<div class=\"formulario-campo half\">\n\t\t<p><span class=\"wpcf7-form-control-wrap\" data-name=\"plazo-entrega\"><input size=\"40\" maxlength=\"400\" class=\"wpcf7-form-control wpcf7-text\" aria-invalid=\"false\" placeholder=\"Deadline\" value=\"\" type=\"text\" name=\"plazo-entrega\" \/><\/span>\n\t\t<\/p>\n\t<\/div>\n\t<div class=\"formulario-campo half\">\n\t\t<p><span class=\"wpcf7-form-control-wrap\" data-name=\"idioma-origen\"><input size=\"40\" maxlength=\"400\" class=\"wpcf7-form-control wpcf7-text wpcf7-validates-as-required\" aria-required=\"true\" aria-invalid=\"false\" placeholder=\"Source Language (Mandatory)\" value=\"\" type=\"text\" name=\"idioma-origen\" \/><\/span>\n\t\t<\/p>\n\t<\/div>\n\t<div class=\"formulario-campo half\">\n\t\t<p><span class=\"wpcf7-form-control-wrap\" data-name=\"idioma-destino\"><input size=\"40\" maxlength=\"400\" class=\"wpcf7-form-control wpcf7-text wpcf7-validates-as-required\" aria-required=\"true\" aria-invalid=\"false\" placeholder=\"Target Language (Mandatory)\" value=\"\" type=\"text\" name=\"idioma-destino\" \/><\/span>\n\t\t<\/p>\n\t<\/div>\n\t<div class=\"formulario-campo botonatt\">\n\t\t<p><span class=\"wpcf7-form-control-wrap\" data-name=\"upload-file-927\"><input size=\"40\" class=\"wpcf7-form-control wpcf7-drag-n-drop-file d-none\" aria-invalid=\"false\" type=\"file\" multiple=\"multiple\" data-name=\"upload-file-927\" data-max=\"10\" data-id=\"6226\" data-version=\"free version 1.3.8.5\" accept=\".\" data-black-list=\"exe|bat|con\" \/><\/span>\n\t\t<\/p>\n\t<\/div>\n\t<div class=\"formulario-campo\">\n\t\t<p><span class=\"wpcf7-form-control-wrap\" data-name=\"institucion\"><input size=\"40\" maxlength=\"400\" class=\"wpcf7-form-control wpcf7-text\" aria-invalid=\"false\" placeholder=\"Institution to which the translation will be submitted\" value=\"\" type=\"text\" name=\"institucion\" \/><\/span>\n\t\t<\/p>\n\t<\/div>\n\t<div class=\"formulario-campo\">\n\t\t<p><span class=\"wpcf7-form-control-wrap\" data-name=\"pais-destino\"><input size=\"40\" maxlength=\"400\" class=\"wpcf7-form-control wpcf7-text\" aria-invalid=\"false\" placeholder=\"If the translation is to be submitted abroad, please indicate the country of destination\" value=\"\" type=\"text\" name=\"pais-destino\" \/><\/span>\n\t\t<\/p>\n\t<\/div>\n\t<div class=\"formulario-campo-checkbox fccspace\">\n\t\t<p><span class=\"wpcf7-form-control-wrap\" data-name=\"pagoexterior\"><span class=\"wpcf7-form-control wpcf7-checkbox\"><span class=\"wpcf7-list-item first last\"><input type=\"checkbox\" name=\"pagoexterior[]\" value=\"En caso de confirmarse el presupuesto, el pago se realizar\u00e1 desde el extranjero\" \/><span class=\"wpcf7-list-item-label\">If the quote is confirmed, payment will be made from abroad<\/span><\/span><\/span><\/span>\n\t\t<\/p>\n\t<\/div>\n\t<div class=\"formulario-campo\">\n\t\t<p><span class=\"wpcf7-form-control-wrap\" data-name=\"mensaje\"><textarea cols=\"40\" rows=\"10\" maxlength=\"2000\" class=\"wpcf7-form-control wpcf7-textarea\" aria-invalid=\"false\" placeholder=\"Any message?\" name=\"mensaje\"><\/textarea><\/span>\n\t\t<\/p>\n\t<\/div>\n\t<div class=\"formulario-campo-checkbox\">\n\t\t<p><label><b>Additional Information \/ Services<\/b><\/label><br \/>\n<span class=\"wpcf7-form-control-wrap\" data-name=\"detallesadicionales\"><span class=\"wpcf7-form-control wpcf7-checkbox\"><span class=\"wpcf7-list-item first\"><label><input type=\"checkbox\" name=\"detallesadicionales[]\" value=\"\u00bfNecesita scan de la traducci\u00f3n en formato pdf?\" \/><span class=\"wpcf7-list-item-label\">Do you need a scan of the translation in pdf format?<\/span><\/label><\/span><span class=\"wpcf7-list-item\"><label><input type=\"checkbox\" name=\"detallesadicionales[]\" value=\"Env\u00edo de las traducciones f\u00edsicas al interior del pa\u00eds por Courier\" \/><span class=\"wpcf7-list-item-label\">Sending of physical translations within the country (outside Greater Asunci\u00f3n) by Courier<\/span><\/label><\/span><span class=\"wpcf7-list-item last\"><label><input type=\"checkbox\" name=\"detallesadicionales[]\" value=\"Env\u00edo de las traducciones f\u00edsicas en \u00e1rea metropolitana de Asunci\u00f3n por Courier\" \/><span class=\"wpcf7-list-item-label\">Sending of physical translations in Asunci\u00f3n or Greater Asunci\u00f3n by Courier<\/span><\/label><\/span><\/span><\/span>\n\t\t<\/p>\n\t<\/div>\n\t<div class=\"formulario-boton\">\n\t\t<p><input class=\"wpcf7-form-control wpcf7-submit has-spinner\" type=\"submit\" value=\"Send\" \/>\n\t\t<\/p>\n\t<\/div>\n<\/div><p style=\"display: none !important;\" class=\"akismet-fields-container\" data-prefix=\"_wpcf7_ak_\"><label>&#916;<textarea name=\"_wpcf7_ak_hp_textarea\" cols=\"45\" rows=\"8\" maxlength=\"100\"><\/textarea><\/label><input type=\"hidden\" id=\"ak_js_1\" name=\"_wpcf7_ak_js\" value=\"125\"\/><script>document.getElementById( \"ak_js_1\" ).setAttribute( \"value\", ( new Date() ).getTime() );<\/script><\/p><div class=\"wpcf7-response-output\" aria-hidden=\"true\"><\/div>\n<input type=\"hidden\" name=\"trp-form-language\" value=\"en\"\/><\/form>\n<\/div>\n\n\t\t\t<\/div> \n\t\t<\/div>\n\t<\/div> \n<\/div><\/div>","protected":false},"excerpt":{"rendered":"Formulario de Cotizaci\u00f3n Para poder brindarle una cotizaci\u00f3n, necesitamos ver el documento a traducir en...","protected":false},"author":1,"featured_media":0,"parent":0,"menu_order":0,"comment_status":"closed","ping_status":"closed","template":"","meta":{"_monsterinsights_skip_tracking":false,"_monsterinsights_sitenote_active":false,"_monsterinsights_sitenote_note":"","_monsterinsights_sitenote_category":0,"footnotes":""},"class_list":["post-6228","page","type-page","status-publish"],"_links":{"self":[{"href":"https:\/\/diazyasociados.com\/en\/wp-json\/wp\/v2\/pages\/6228","targetHints":{"allow":["GET"]}}],"collection":[{"href":"https:\/\/diazyasociados.com\/en\/wp-json\/wp\/v2\/pages"}],"about":[{"href":"https:\/\/diazyasociados.com\/en\/wp-json\/wp\/v2\/types\/page"}],"author":[{"embeddable":true,"href":"https:\/\/diazyasociados.com\/en\/wp-json\/wp\/v2\/users\/1"}],"replies":[{"embeddable":true,"href":"https:\/\/diazyasociados.com\/en\/wp-json\/wp\/v2\/comments?post=6228"}],"version-history":[{"count":9,"href":"https:\/\/diazyasociados.com\/en\/wp-json\/wp\/v2\/pages\/6228\/revisions"}],"predecessor-version":[{"id":6301,"href":"https:\/\/diazyasociados.com\/en\/wp-json\/wp\/v2\/pages\/6228\/revisions\/6301"}],"wp:attachment":[{"href":"https:\/\/diazyasociados.com\/en\/wp-json\/wp\/v2\/media?parent=6228"}],"curies":[{"name":"wp","href":"https:\/\/api.w.org\/{rel}","templated":true}]}}